{"id":29542,"date":"2023-10-28T13:30:38","date_gmt":"2023-10-28T11:30:38","guid":{"rendered":"https:\/\/almax.ch\/product\/b3st-radio-frequency-made-in-italy\/"},"modified":"2025-06-15T15:56:38","modified_gmt":"2025-06-15T13:56:38","slug":"b3st-radio-frequency-made-in-italy","status":"publish","type":"product","link":"https:\/\/almax.ch\/fr\/produit\/b3st-radio-frequency-made-in-italy\/","title":{"rendered":"B3ST, Radio Frequency made in Italy"},"content":{"rendered":"<div id='full_slider_1'  class='avia-fullwidth-slider main_color avia-shadow   avia-builder-el-0  el_before_av_layout_row  avia-builder-el-first   container_wrap sidebar_right'  >\n<style type=\"text\/css\" data-created_by=\"avia_inline_auto\" id=\"style-css-av-lo9mzeda-f3c92b8b6504de3ac12de296e70049f6\">\n#top #wrap_all .avia-slideshow .av-slideshow-caption.av-lo9mzeda-f3c92b8b6504de3ac12de296e70049f6__0 .avia-caption-title{\nfont-size:56px;\ncolor:#1d1d1b;\n}\n#top .avia-slideshow .av-slideshow-caption.av-lo9mzeda-f3c92b8b6504de3ac12de296e70049f6__0 .avia-caption-content{\nfont-size:24px;\ncolor:#1d1d1b;\n}\n#top .avia-slideshow .av-slideshow-caption.av-lo9mzeda-f3c92b8b6504de3ac12de296e70049f6__0 .avia-caption-content p{\nfont-size:24px;\n}\n<\/style>\n<div  class='avia-slideshow av-lo9mzeda-f3c92b8b6504de3ac12de296e70049f6 avia-slideshow-featured_large av_slideshow_full avia-slide-slider av-slideshow-ui av-control-default av-slideshow-manual av-loop-once av-loop-manual-endless av-default-height-applied  image_no_stretch avia-slideshow-1' data-slideshow-options=\"{&quot;animation&quot;:&quot;slide&quot;,&quot;autoplay&quot;:false,&quot;loop_autoplay&quot;:&quot;once&quot;,&quot;interval&quot;:5,&quot;loop_manual&quot;:&quot;manual-endless&quot;,&quot;autoplay_stopper&quot;:false,&quot;noNavigation&quot;:false,&quot;bg_slider&quot;:false,&quot;keep_padding&quot;:false,&quot;hoverpause&quot;:false,&quot;show_slide_delay&quot;:0}\"  itemprop=\"image\" itemscope=\"itemscope\" itemtype=\"https:\/\/schema.org\/ImageObject\" ><ul class='avia-slideshow-inner ' style='padding-bottom: 42%;'><li  class='avia-slideshow-slide av-lo9mzeda-f3c92b8b6504de3ac12de296e70049f6__0  av-single-slide slide-1 slide-odd'><div data-rel='slideshow-1' class='avia-slide-wrap '   ><div class='av-slideshow-caption av-lo9mzeda-f3c92b8b6504de3ac12de296e70049f6__0 caption_fullwidth caption_bottom'><div class=\"container caption_container\"><div class=\"slideshow_caption\"><div class=\"slideshow_inner_caption\"><div class=\"slideshow_align_caption\"><h1 class='avia-caption-title '  itemprop=\"name\" >B3ST<\/h1><div class='avia-caption-content av_inherit_color'  itemprop=\"description\" ><p>Radiofr\u00e9quence avec \u00e9lectrotraction et laser doux<\/p>\n<\/div><\/div><\/div><\/div><\/div><\/div><img decoding=\"async\" fetchpriority=\"high\" class=\"wp-image-29368 avia-img-lazy-loading-not-29368\"  src=\"https:\/\/almax.ch\/wp-content\/uploads\/2023\/10\/B3ST@2x-1500x630.png\" width=\"1500\" height=\"630\" title='B3ST@2x' alt=''  itemprop=\"thumbnailUrl\" srcset=\"https:\/\/almax.ch\/wp-content\/uploads\/2023\/10\/B3ST@2x-1500x630.png 1500w, https:\/\/almax.ch\/wp-content\/uploads\/2023\/10\/B3ST@2x-600x252.png 600w, https:\/\/almax.ch\/wp-content\/uploads\/2023\/10\/B3ST@2x-300x126.png 300w, https:\/\/almax.ch\/wp-content\/uploads\/2023\/10\/B3ST@2x-1030x433.png 1030w, https:\/\/almax.ch\/wp-content\/uploads\/2023\/10\/B3ST@2x-768x323.png 768w, https:\/\/almax.ch\/wp-content\/uploads\/2023\/10\/B3ST@2x-1536x645.png 1536w, https:\/\/almax.ch\/wp-content\/uploads\/2023\/10\/B3ST@2x-2048x861.png 2048w, https:\/\/almax.ch\/wp-content\/uploads\/2023\/10\/B3ST@2x-705x296.png 705w, https:\/\/almax.ch\/wp-content\/uploads\/2023\/10\/B3ST@2x-450x189.png 450w\" sizes=\"(max-width: 1500px) 100vw, 1500px\" \/><\/div><\/li><\/ul><\/div><\/div>\n<div id='av-layout-grid-1'  class='av-layout-grid-container av-etmuq-dffcdfcbc55c54f01bdf8f98d0c85696 entry-content-wrapper main_color av-flex-cells  avia-builder-el-1  el_after_av_slideshow_full  el_before_av_section  grid-row-not-first  container_wrap sidebar_right'  >\n\n<style type=\"text\/css\" data-created_by=\"avia_inline_auto\" id=\"style-css-av-dw5j2-80eb3bf82a1d577c06ee8530a392a6dc\">\n.flex_cell.av-dw5j2-80eb3bf82a1d577c06ee8530a392a6dc{\nvertical-align:middle;\nbackground-color:#866780;\n}\n.responsive #top #wrap_all .flex_cell.av-dw5j2-80eb3bf82a1d577c06ee8530a392a6dc{\npadding:120px 120px 120px 120px !important;\n}\n<\/style>\n<div class='flex_cell av-dw5j2-80eb3bf82a1d577c06ee8530a392a6dc av-gridrow-cell av_one_half no_margin  avia-builder-el-2  el_before_av_cell_one_half  avia-builder-el-first '  ><div class='flex_cell_inner'><p>\n<style type=\"text\/css\" data-created_by=\"avia_inline_auto\" id=\"style-css-av-1cxpa-7eb3db5853daaf452d4f206d21d3351d\">\n#top .av-special-heading.av-1cxpa-7eb3db5853daaf452d4f206d21d3351d{\npadding-bottom:10px;\ncolor:#ffffff;\n}\nbody .av-special-heading.av-1cxpa-7eb3db5853daaf452d4f206d21d3351d .av-special-heading-tag .heading-char{\nfont-size:25px;\n}\n.av-special-heading.av-1cxpa-7eb3db5853daaf452d4f206d21d3351d .special-heading-inner-border{\nborder-color:#ffffff;\n}\n.av-special-heading.av-1cxpa-7eb3db5853daaf452d4f206d21d3351d .av-subheading{\nfont-size:15px;\n}\n<\/style>\n<div  class='av-special-heading av-1cxpa-7eb3db5853daaf452d4f206d21d3351d av-special-heading-h2 custom-color-heading blockquote modern-quote  avia-builder-el-3  el_before_av_hr  avia-builder-el-first '><h2 class='av-special-heading-tag '  itemprop=\"headline\"  >B3ST : Innovation esth\u00e9tique Made in Italy<\/h2><div class=\"special-heading-border\"><div class=\"special-heading-inner-border\"><\/div><\/div><\/div><br \/>\n\n<style type=\"text\/css\" data-created_by=\"avia_inline_auto\" id=\"style-css-av-4kk2-4efc15c9a800b9582aadc82596a02fd0\">\n#top .hr.av-4kk2-4efc15c9a800b9582aadc82596a02fd0{\nmargin-top:30px;\nmargin-bottom:30px;\n}\n.hr.av-4kk2-4efc15c9a800b9582aadc82596a02fd0 .hr-inner{\nwidth:50px;\nborder-color:#cedbe2;\n}\n<\/style>\n<div  class='hr av-4kk2-4efc15c9a800b9582aadc82596a02fd0 hr-custom  avia-builder-el-4  el_after_av_heading  el_before_av_textblock  hr-left hr-icon-no'><span class='hr-inner inner-border-av-border-fat'><span class=\"hr-inner-style\"><\/span><\/span><\/div><br \/>\n\n<style type=\"text\/css\" data-created_by=\"avia_inline_auto\" id=\"style-css-av-c8qsm-dacd6dd29e8303d395f41806455104f8\">\n#top .av_textblock_section.av-c8qsm-dacd6dd29e8303d395f41806455104f8 .avia_textblock{\nfont-size:18px;\ncolor:#ffffff;\n}\n<\/style>\n<section  class='av_textblock_section av-c8qsm-dacd6dd29e8303d395f41806455104f8 '   itemscope=\"itemscope\" itemtype=\"https:\/\/schema.org\/CreativeWork\" ><div class='avia_textblock av_inherit_color'  itemprop=\"text\" ><p>Combinant la radiofr\u00e9quence, l&rsquo;\u00e9lectroporation et le laser doux, B3ST repr\u00e9sente les <strong>avanc\u00e9es en mati\u00e8re de technologie esth\u00e9tique<\/strong>, offrant des traitements anti-\u00e2ge r\u00e9volutionnaires et des r\u00e9sultats visibles d\u00e8s la premi\u00e8re utilisation. Ce dispositif <strong>100% Made in Italy<\/strong> se distingue par son \u00e9quipement technique de haut niveau et son logiciel intuitif, ce qui en fait un alli\u00e9 <strong>indispensable<\/strong> pour les sp\u00e9cialistes de l&rsquo;esth\u00e9tique. ;<\/p>\n<\/div><\/section><br \/>\n\n<style type=\"text\/css\" data-created_by=\"avia_inline_auto\" id=\"style-css-av-2vjweh-9dd070595e4635c04d802951e770bc6c\">\n#top .hr.hr-invisible.av-2vjweh-9dd070595e4635c04d802951e770bc6c{\nheight:24px;\n}\n<\/style>\n<div  class='hr av-2vjweh-9dd070595e4635c04d802951e770bc6c hr-invisible  avia-builder-el-6  el_after_av_textblock  el_before_av_buttonrow '><span class='hr-inner '><span class=\"hr-inner-style\"><\/span><\/span><\/div><br \/>\n<div  class='avia-buttonrow-wrap av-lo9udqml-3f3619548a1935dd480025264eda7f58 avia-buttonrow-left  avia-builder-el-7  el_after_av_hr  avia-builder-el-last '>\n\n<style type=\"text\/css\" data-created_by=\"avia_inline_auto\" id=\"style-css-av-lo9uce04-29f86742ed94092a62ee6fbd55ce2c6e\">\n#top #wrap_all .avia-button.av-lo9uce04-29f86742ed94092a62ee6fbd55ce2c6e{\nborder-radius:2px 2px 2px 2px;\ntransition:all 0.4s ease-in-out;\nmargin-bottom:8px;\nmargin-right:8px;\n}\n#top #wrap_all .avia-button.av-lo9uce04-29f86742ed94092a62ee6fbd55ce2c6e:hover .avia_button_background{\nborder-radius:2px 2px 2px 2px;\n}\n<\/style>\n<a href='https:\/\/almax.ch\/wp-content\/uploads\/2023\/11\/ALMAX-B3ST-web.pdf'  class='avia-button av-lo9uce04-29f86742ed94092a62ee6fbd55ce2c6e avia-icon_select-yes-left-icon avia-size-x-large avia-color-light'  target=\"_blank\"  rel=\"noopener noreferrer\"  aria-label=\"Decharger la brochure\"><span class='avia_button_icon avia_button_icon_left ' aria-hidden='true' data-av_icon='\ue84d' data-av_iconfont='entypo-fontello'><\/span><span class='avia_iconbox_title' >Decharger la brochure<\/span><\/a>\n<\/div><\/p>\n<\/div><\/div>\n<style type=\"text\/css\" data-created_by=\"avia_inline_auto\" id=\"style-css-av-bv9zu-db0eba8c6972e8271a966d3d5cd2b776\">\n.flex_cell.av-bv9zu-db0eba8c6972e8271a966d3d5cd2b776{\nvertical-align:middle;\nbackground-color:#fcfbfb;\n}\n.responsive #top #wrap_all .flex_cell.av-bv9zu-db0eba8c6972e8271a966d3d5cd2b776{\npadding:50px 50px 50px 50px !important;\n}\n<\/style>\n<div class='flex_cell av-bv9zu-db0eba8c6972e8271a966d3d5cd2b776 av-gridrow-cell av_one_half no_margin  avia-builder-el-8  el_after_av_cell_one_half  avia-builder-el-last '  ><div class='flex_cell_inner'>\n<style type=\"text\/css\" data-created_by=\"avia_inline_auto\" id=\"style-css-av-lo9u8w5j-8b72d441e1747b5284e867150557e6a8\">\n.avia-image-container.av-lo9u8w5j-8b72d441e1747b5284e867150557e6a8 img.avia_image{\nbox-shadow:none;\n}\n.avia-image-container.av-lo9u8w5j-8b72d441e1747b5284e867150557e6a8 .av-image-caption-overlay-center{\ncolor:#ffffff;\n}\n<\/style>\n<div  class='avia-image-container av-lo9u8w5j-8b72d441e1747b5284e867150557e6a8 av-styling- avia-align-center  avia-builder-el-9  avia-builder-el-no-sibling '   itemprop=\"image\" itemscope=\"itemscope\" itemtype=\"https:\/\/schema.org\/ImageObject\" ><div class=\"avia-image-container-inner\"><div class=\"avia-image-overlay-wrap\"><img decoding=\"async\" fetchpriority=\"high\" class='wp-image-29374 avia-img-lazy-loading-not-29374 avia_image ' src=\"https:\/\/almax.ch\/wp-content\/uploads\/2023\/10\/img-tech-B3SD.png\" alt='' title='img-tech-B3SD'  height=\"1039\" width=\"1429\"  itemprop=\"thumbnailUrl\" srcset=\"https:\/\/almax.ch\/wp-content\/uploads\/2023\/10\/img-tech-B3SD.png 1429w, https:\/\/almax.ch\/wp-content\/uploads\/2023\/10\/img-tech-B3SD-600x436.png 600w, https:\/\/almax.ch\/wp-content\/uploads\/2023\/10\/img-tech-B3SD-300x218.png 300w, https:\/\/almax.ch\/wp-content\/uploads\/2023\/10\/img-tech-B3SD-1030x749.png 1030w, https:\/\/almax.ch\/wp-content\/uploads\/2023\/10\/img-tech-B3SD-768x558.png 768w, https:\/\/almax.ch\/wp-content\/uploads\/2023\/10\/img-tech-B3SD-705x513.png 705w, https:\/\/almax.ch\/wp-content\/uploads\/2023\/10\/img-tech-B3SD-450x327.png 450w\" sizes=\"(max-width: 1429px) 100vw, 1429px\" \/><\/div><\/div><\/div>\n<\/div><\/div><\/div>\n<style type=\"text\/css\" data-created_by=\"avia_inline_auto\" id=\"style-css-av-tdkw5l-b4632ad82efe0a58fa85da521b427688\">\n.avia-section.av-tdkw5l-b4632ad82efe0a58fa85da521b427688{\nbackground-color:#ffffff;\nbackground-image:unset;\n}\n<\/style>\n<div id='av_section_1'  class='avia-section av-tdkw5l-b4632ad82efe0a58fa85da521b427688 main_color avia-section-default avia-no-border-styling  avia-builder-el-10  el_after_av_layout_row  el_before_av_section  avia-bg-style-scroll container_wrap sidebar_right'  ><div class='container av-section-cont-open' ><div class='template-page content  av-content-small alpha units'><div class='post-entry post-entry-type-page post-entry-29542'><div class='entry-content-wrapper clearfix'>\n\n<style type=\"text\/css\" data-created_by=\"avia_inline_auto\" id=\"style-css-av-lo9whm1j-5af999a6e89aca0e4b2ece6c963ffb27\">\n#top .av-special-heading.av-lo9whm1j-5af999a6e89aca0e4b2ece6c963ffb27{\npadding-bottom:40px;\n}\nbody .av-special-heading.av-lo9whm1j-5af999a6e89aca0e4b2ece6c963ffb27 .av-special-heading-tag .heading-char{\nfont-size:25px;\n}\n.av-special-heading.av-lo9whm1j-5af999a6e89aca0e4b2ece6c963ffb27 .av-subheading{\nfont-size:15px;\n}\n<\/style>\n<div  class='av-special-heading av-lo9whm1j-5af999a6e89aca0e4b2ece6c963ffb27 av-special-heading-h2 blockquote modern-quote modern-centered  avia-builder-el-11  el_before_av_button  avia-builder-el-first '><h2 class='av-special-heading-tag '  itemprop=\"headline\"  >Zone r\u00e9serv\u00e9e<\/h2><div class='av-subheading av-subheading_below'><p>Acc\u00e9der \u00e0 la zone r\u00e9serv\u00e9e avec les manuels, les protocoles et plus encore<\/p>\n<\/div><div class=\"special-heading-border\"><div class=\"special-heading-inner-border\"><\/div><\/div><\/div>\n<div  class='avia-button-wrap av-lo9y9bu8-e12e21457dde86e32250a94d6a426664-wrap avia-button-center  avia-builder-el-12  el_after_av_heading  avia-builder-el-last '><a href='https:\/\/almax.ch\/fr\/espace-reserve\/'  class='avia-button av-lo9y9bu8-e12e21457dde86e32250a94d6a426664 av-link-btn avia-icon_select-yes-left-icon avia-size-large avia-position-center avia-color-theme-color'   aria-label=\"Se connecter\"><span class='avia_button_icon avia_button_icon_left' aria-hidden='true' data-av_icon='\ue824' data-av_iconfont='entypo-fontello'><\/span><span class='avia_iconbox_title' >Se connecter<\/span><\/a><\/div>\n<\/p>\n<\/div><\/div><\/div><!-- close content main div --><\/div><\/div><div id='av_section_2'  class='avia-section av-4qgnoq1-3ce605ac59385660f6a65790a94d1712 main_color avia-section-default avia-no-border-styling  avia-builder-el-13  el_after_av_section  el_before_av_section  avia-bg-style-scroll container_wrap sidebar_right'  ><div class='container av-section-cont-open' ><div class='template-page content  av-content-small alpha units'><div class='post-entry post-entry-type-page post-entry-29542'><div class='entry-content-wrapper clearfix'>\n\n<style type=\"text\/css\" data-created_by=\"avia_inline_auto\" id=\"style-css-av-4g34bs9-33b6f243182bf483e61e42d173498804\">\n#top .av-special-heading.av-4g34bs9-33b6f243182bf483e61e42d173498804{\npadding-bottom:40px;\n}\nbody .av-special-heading.av-4g34bs9-33b6f243182bf483e61e42d173498804 .av-special-heading-tag .heading-char{\nfont-size:25px;\n}\n.av-special-heading.av-4g34bs9-33b6f243182bf483e61e42d173498804 .av-subheading{\nfont-size:15px;\n}\n<\/style>\n<div  class='av-special-heading av-4g34bs9-33b6f243182bf483e61e42d173498804 av-special-heading-h2 blockquote modern-quote modern-centered  avia-builder-el-14  el_before_av_one_fourth  avia-builder-el-first '><h2 class='av-special-heading-tag '  itemprop=\"headline\"  >Depuis 1999, Almax est au service des esth\u00e9ticiennes et des th\u00e9rapeutes de la beaut\u00e9<\/h2><div class=\"special-heading-border\"><div class=\"special-heading-inner-border\"><\/div><\/div><\/div>\n<div  class='flex_column av-44habft-df6e06ca6a32b464112c2d0eb04c1fa7 av_one_fourth  avia-builder-el-15  el_after_av_heading  el_before_av_one_fourth  first flex_column_div  '     ><style type=\"text\/css\" data-created_by=\"avia_inline_auto\" id=\"style-css-av-3niukw9-ef110b0c42005997b3b6f4be7519d2d1\">\n.iconbox.av-3niukw9-ef110b0c42005997b3b6f4be7519d2d1 .iconbox_icon{\nbackground-color:#d3b3cd;\nborder:1px solid #d3b3cd;\ncolor:#ffffff;\n}\n<\/style>\n<article  class='iconbox iconbox_top av-3niukw9-ef110b0c42005997b3b6f4be7519d2d1  avia-builder-el-16  avia-builder-el-no-sibling  main_color'  itemscope=\"itemscope\" itemtype=\"https:\/\/schema.org\/CreativeWork\" ><div class=\"iconbox_content\"><header class=\"entry-content-header\" aria-label=\"Icon: Soutien financier\"><div class=\"iconbox_icon heading-color\" aria-hidden='true' data-av_icon='\ue8cf' data-av_iconfont='entypo-fontello'><\/div><h4 class='iconbox_content_title '  itemprop=\"headline\" >Soutien financier<\/h4><\/header><div class='iconbox_content_container '  itemprop=\"text\" ><p>Gr\u00e2ce \u00e0 notre aide au financement, nous facilitons votre d\u00e9cision d&rsquo;investissement en rendant le processus d&rsquo;achat plus ais\u00e9<\/p>\n<\/div><\/div><footer class=\"entry-footer\"><\/footer><\/article><\/div><div  class='flex_column av-2yyjg2x-bf1ef67ef692150e428e0885a0507fb2 av_one_fourth  avia-builder-el-17  el_after_av_one_fourth  el_before_av_one_fourth  flex_column_div  '     ><style type=\"text\/css\" data-created_by=\"avia_inline_auto\" id=\"style-css-av-x8lux-68b5dfc2c6372397a5b9d11ba8e7d980\">\n.iconbox.av-x8lux-68b5dfc2c6372397a5b9d11ba8e7d980 .iconbox_icon{\nbackground-color:#d3b3cd;\nborder:1px solid #d3b3cd;\ncolor:#ffffff;\n}\n<\/style>\n<article  class='iconbox iconbox_top av-x8lux-68b5dfc2c6372397a5b9d11ba8e7d980  avia-builder-el-18  avia-builder-el-no-sibling  main_color'  itemscope=\"itemscope\" itemtype=\"https:\/\/schema.org\/CreativeWork\" ><div class=\"iconbox_content\"><header class=\"entry-content-header\" aria-label=\"Icon: Initiatives exclusives\"><div class=\"iconbox_icon heading-color\" aria-hidden='true' data-av_icon='\ue806' data-av_iconfont='entypo-fontello'><\/div><h4 class='iconbox_content_title '  itemprop=\"headline\" >Initiatives exclusives<\/h4><\/header><div class='iconbox_content_container '  itemprop=\"text\" ><p>Participez \u00e0 nos journ\u00e9es portes ouvertes et profitez de notre large gamme de mat\u00e9riel promotionnel pour les soir\u00e9es clients, offrant une visibilit\u00e9 unique et impliquant directement vos clients<\/p>\n<\/div><\/div><footer class=\"entry-footer\"><\/footer><\/article><\/div><div  class='flex_column av-2amzdux-495ea2ad0c1cbf5c6381d62e98ba2cc1 av_one_fourth  avia-builder-el-19  el_after_av_one_fourth  el_before_av_one_fourth  flex_column_div  '     ><style type=\"text\/css\" data-created_by=\"avia_inline_auto\" id=\"style-css-av-1qqe25l-0395055d80732266b8b7c51d0baa64cd\">\n.iconbox.av-1qqe25l-0395055d80732266b8b7c51d0baa64cd .iconbox_icon{\nbackground-color:#d3b3cd;\nborder:1px solid #d3b3cd;\ncolor:#ffffff;\n}\n<\/style>\n<article  class='iconbox iconbox_top av-1qqe25l-0395055d80732266b8b7c51d0baa64cd  avia-builder-el-20  avia-builder-el-no-sibling  main_color'  itemscope=\"itemscope\" itemtype=\"https:\/\/schema.org\/CreativeWork\" ><div class=\"iconbox_content\"><header class=\"entry-content-header\" aria-label=\"Icon: Formation approfondie\"><div class=\"iconbox_icon heading-color\" aria-hidden='true' data-av_icon='\ue8c9' data-av_iconfont='entypo-fontello'><\/div><h4 class='iconbox_content_title '  itemprop=\"headline\" >Formation approfondie<\/h4><\/header><div class='iconbox_content_container '  itemprop=\"text\" ><p>B\u00e9n\u00e9ficiez de nos formations sp\u00e9cialis\u00e9es pour maximiser l&rsquo;efficacit\u00e9 de votre utilisation des produits Almax et offrir des services de qualit\u00e9 sup\u00e9rieure \u00e0 vos clients<\/p>\n<\/div><\/div><footer class=\"entry-footer\"><\/footer><\/article><\/div><div  class='flex_column av-167j4fd-53877ff25be85999e5d38ae268670524 av_one_fourth  avia-builder-el-21  el_after_av_one_fourth  avia-builder-el-last  flex_column_div  '     ><style type=\"text\/css\" data-created_by=\"avia_inline_auto\" id=\"style-css-av-qme2rt-9fc656ab0ef0175027b5ad082818a8c9\">\n.iconbox.av-qme2rt-9fc656ab0ef0175027b5ad082818a8c9 .iconbox_icon{\nbackground-color:#d3b3cd;\nborder:1px solid #d3b3cd;\ncolor:#ffffff;\n}\n<\/style>\n<article  class='iconbox iconbox_top av-qme2rt-9fc656ab0ef0175027b5ad082818a8c9  avia-builder-el-22  avia-builder-el-no-sibling  main_color'  itemscope=\"itemscope\" itemtype=\"https:\/\/schema.org\/CreativeWork\" ><div class=\"iconbox_content\"><header class=\"entry-content-header\" aria-label=\"Icon: Outils modernes d\u2019engagement\"><div class=\"iconbox_icon heading-color\" aria-hidden='true' data-av_icon='\ue80b' data-av_iconfont='entypo-fontello'><\/div><h4 class='iconbox_content_title '  itemprop=\"headline\" >Outils modernes d\u2019engagement<\/h4><\/header><div class='iconbox_content_container '  itemprop=\"text\" ><p>Profitez des modules avanc\u00e9s pour am\u00e9liorer la communication avec les clients, les ventes et la pr\u00e9sence en ligne, afin de garantir une relation durable et satisfaisante avec vos clients<\/p>\n<\/div><\/div><footer class=\"entry-footer\"><\/footer><\/article><\/div>\n\n<\/div><\/div><\/div><!-- close content main div --><\/div><\/div><div id='av_section_3'  class='avia-section av-598y-7abffcf8b3bf5834f2c10e804256947a alternate_color avia-section-default avia-no-border-styling  avia-builder-el-23  el_after_av_section  avia-builder-el-last  avia-bg-style-scroll container_wrap sidebar_right'  ><div class='container av-section-cont-open' ><div class='template-page content  av-content-small alpha units'><div class='post-entry post-entry-type-page post-entry-29542'><div class='entry-content-wrapper clearfix'>\n<div  class='av-woo-product-related-upsells av-ryge-f0b8a8f3869327378373734b4f8a2d22  avia-builder-el-24  avia-builder-el-no-sibling '><div class='product_column product_column_4'>\n\t<section class=\"related products\">\n\n\t\t\t\t\t<h2>Produits similaires<\/h2>\n\t\t\t\t<ul class=\"products columns-4\">\n\n\t\t\t\n\t\t\t\t\t<li class=\"product type-product post-29928 status-publish first instock product_cat-h2otto-2 product_cat-tech-fr shipping-taxable product-type-simple\">\n\t<div class='inner_product main_color wrapped_style noLightbox  av-product-class-minimal'><a href=\"https:\/\/almax.ch\/fr\/produit\/laser-helios-1200-watt-808-nm-con-certificazione-eu-fabbricazione-italiana\/\" class=\"woocommerce-LoopProduct-link woocommerce-loop-product__link\"><div class=\"thumbnail_container\"><img decoding=\"async\" src=\"https:\/\/almax.ch\/wp-content\/uploads\/woocommerce-placeholder.png\" height=\"450\" width=\"450\" loading=\"lazy\" alt=\"Placeholder image\"><span class=\"cart-loading\"><\/span><\/div><div class='inner_product_header'><div class='avia-arrow'><\/div><div class='inner_product_header_table'><div class='inner_product_header_cell'><h2 class=\"woocommerce-loop-product__title\">Laser Velvet Lux 1200 Watt, 808 nm, avec certification EU, Made in Italy<\/h2>\n<\/div><\/div><\/div><\/a><\/div><\/li>\n\n\t\t\t\n\t\t\t\t\t<li class=\"product type-product post-29541 status-publish instock product_cat-gsd-fr product_cat-tech-fr has-post-thumbnail shipping-taxable product-type-simple\">\n\t<div class='inner_product main_color wrapped_style noLightbox  av-product-class-minimal'><a href=\"https:\/\/almax.ch\/fr\/produit\/infrapress-le-drainage-lymphatique-efficace-made-in-italy\/\" class=\"woocommerce-LoopProduct-link woocommerce-loop-product__link\"><div class=\"thumbnail_container\"><img decoding=\"async\" loading=\"lazy\" width=\"300\" height=\"300\" src=\"https:\/\/almax.ch\/wp-content\/uploads\/2023\/11\/Infrapress_Product-300x300.png\" class=\"wp-image-29426 avia-img-lazy-loading-29426 attachment-shop_catalog size-shop_catalog wp-post-image\" alt=\"\" srcset=\"https:\/\/almax.ch\/wp-content\/uploads\/2023\/11\/Infrapress_Product-300x300.png 300w, https:\/\/almax.ch\/wp-content\/uploads\/2023\/11\/Infrapress_Product-600x600.png 600w, https:\/\/almax.ch\/wp-content\/uploads\/2023\/11\/Infrapress_Product-100x100.png 100w, https:\/\/almax.ch\/wp-content\/uploads\/2023\/11\/Infrapress_Product-80x80.png 80w, https:\/\/almax.ch\/wp-content\/uploads\/2023\/11\/Infrapress_Product-768x768.png 768w, https:\/\/almax.ch\/wp-content\/uploads\/2023\/11\/Infrapress_Product-1030x1030.png 1030w\" sizes=\"auto, (max-width: 300px) 100vw, 300px\" \/><span class=\"cart-loading\"><\/span><\/div><div class='inner_product_header'><div class='avia-arrow'><\/div><div class='inner_product_header_table'><div class='inner_product_header_cell'><h2 class=\"woocommerce-loop-product__title\">Infrapress, le drainage lymphatique efficace made in Italy<\/h2>\n<\/div><\/div><\/div><\/a><\/div><\/li>\n\n\t\t\t\n\t\t<\/ul>\n\n\t<\/section>\n\t<\/div><\/div>\n<\/div><\/div><\/div><!-- close content main div --><\/div><\/div><div id='after_section_3'  class='main_color av_default_container_wrap container_wrap sidebar_right'  ><div class='container av-section-cont-open' ><div class='template-page content  av-content-small alpha units'><div class='post-entry post-entry-type-page post-entry-29542'><div class='entry-content-wrapper clearfix'>\n","protected":false},"excerpt":{"rendered":"<p>Donec quam felis, ultricies nec, pellentesque eu, pretium quis, sem. Nulla consequat massa quis enim<\/p>\n","protected":false},"featured_media":29370,"template":"","meta":{"content-type":""},"product_brand":[],"product_cat":[84,83],"product_tag":[],"class_list":{"0":"post-29542","1":"product","2":"type-product","3":"status-publish","4":"has-post-thumbnail","6":"product_cat-gsd-fr","7":"product_cat-tech-fr","9":"","10":"instock","11":"shipping-taxable","12":"product-type-simple"},"_links":{"self":[{"href":"https:\/\/almax.ch\/fr\/wp-json\/wp\/v2\/product\/29542","targetHints":{"allow":["GET"]}}],"collection":[{"href":"https:\/\/almax.ch\/fr\/wp-json\/wp\/v2\/product"}],"about":[{"href":"https:\/\/almax.ch\/fr\/wp-json\/wp\/v2\/types\/product"}],"wp:featuredmedia":[{"embeddable":true,"href":"https:\/\/almax.ch\/fr\/wp-json\/wp\/v2\/media\/29370"}],"wp:attachment":[{"href":"https:\/\/almax.ch\/fr\/wp-json\/wp\/v2\/media?parent=29542"}],"wp:term":[{"taxonomy":"product_brand","embeddable":true,"href":"https:\/\/almax.ch\/fr\/wp-json\/wp\/v2\/product_brand?post=29542"},{"taxonomy":"product_cat","embeddable":true,"href":"https:\/\/almax.ch\/fr\/wp-json\/wp\/v2\/product_cat?post=29542"},{"taxonomy":"product_tag","embeddable":true,"href":"https:\/\/almax.ch\/fr\/wp-json\/wp\/v2\/product_tag?post=29542"}],"curies":[{"name":"wp","href":"https:\/\/api.w.org\/{rel}","templated":true}]}}