{"id":29511,"date":"2015-03-03T02:10:34","date_gmt":"2015-03-03T01:10:34","guid":{"rendered":"https:\/\/almax.ch\/qui-nous-sommes\/"},"modified":"2024-03-16T08:40:33","modified_gmt":"2024-03-16T07:40:33","slug":"qui-nous-sommes","status":"publish","type":"page","link":"https:\/\/almax.ch\/fr\/qui-nous-sommes\/","title":{"rendered":"Qui sommes nous"},"content":{"rendered":"\n<style type=\"text\/css\" data-created_by=\"avia_inline_auto\" id=\"style-css-av-ur9xu-14a2597bd338ce24b66fe8488e92b4df\">\n.avia-section.av-ur9xu-14a2597bd338ce24b66fe8488e92b4df .av-parallax .av-parallax-inner{\nbackground-repeat:no-repeat;\nbackground-image:url(https:\/\/almax.ch\/wp-content\/uploads\/2023\/11\/anna-kumpan-3J5K-Jb6GRM-unsplash-scaled.jpg);\nbackground-position:50% 100%;\nbackground-attachment:scroll;\n}\n.avia-section.av-ur9xu-14a2597bd338ce24b66fe8488e92b4df .av-section-color-overlay{\nopacity:0.3;\nbackground-color:#908986;\n}\n<\/style>\n<div id='av_section_1'  class='avia-section av-ur9xu-14a2597bd338ce24b66fe8488e92b4df main_color avia-section-huge avia-no-border-styling  avia-builder-el-0  el_before_av_layout_row  avia-builder-el-first  avia-full-stretch av-parallax-section avia-bg-style-parallax av-section-color-overlay-active av-minimum-height av-minimum-height-50 av-height-50  container_wrap sidebar_right'  data-section-bg-repeat='stretch' data-av_minimum_height_pc='50' data-av_min_height_opt='50'><div class='av-parallax' data-avia-parallax-ratio='0.3' ><div class='av-parallax-inner main_color avia-full-stretch'><\/div><\/div><div class=\"av-section-color-overlay-wrap\"><div class=\"av-section-color-overlay\"><\/div><div class='container av-section-cont-open' ><main  role=\"main\" itemprop=\"mainContentOfPage\"  class='template-page content  av-content-small alpha units'><div class='post-entry post-entry-type-page post-entry-29511'><div class='entry-content-wrapper clearfix'>\n\n<style type=\"text\/css\" data-created_by=\"avia_inline_auto\" id=\"style-css-av-loh1odyp-dc6571d96bd889a0b50ce585c1988067\">\n#top .av-special-heading.av-loh1odyp-dc6571d96bd889a0b50ce585c1988067{\npadding-bottom:10px;\ncolor:#1d1d1b;\nfont-size:4vw;\n}\nbody .av-special-heading.av-loh1odyp-dc6571d96bd889a0b50ce585c1988067 .av-special-heading-tag .heading-char{\nfont-size:25px;\n}\n#top #wrap_all .av-special-heading.av-loh1odyp-dc6571d96bd889a0b50ce585c1988067 .av-special-heading-tag{\nfont-size:4vw;\n}\n.av-special-heading.av-loh1odyp-dc6571d96bd889a0b50ce585c1988067 .special-heading-inner-border{\nborder-color:#1d1d1b;\n}\n.av-special-heading.av-loh1odyp-dc6571d96bd889a0b50ce585c1988067 .av-subheading{\nfont-size:15px;\n}\n\n@media only screen and (min-width: 480px) and (max-width: 767px){ \n#top #wrap_all .av-special-heading.av-loh1odyp-dc6571d96bd889a0b50ce585c1988067 .av-special-heading-tag{\nfont-size:0.8em;\n}\n}\n\n@media only screen and (max-width: 479px){ \n#top #wrap_all .av-special-heading.av-loh1odyp-dc6571d96bd889a0b50ce585c1988067 .av-special-heading-tag{\nfont-size:0.8em;\n}\n}\n<\/style>\n<div  class='av-special-heading av-loh1odyp-dc6571d96bd889a0b50ce585c1988067 av-special-heading-h1 custom-color-heading blockquote modern-quote modern-centered  avia-builder-el-1  avia-builder-el-no-sibling  av-inherit-size'><h1 class='av-special-heading-tag '  itemprop=\"headline\"  >Qui nous sommes<\/h1><div class=\"special-heading-border\"><div class=\"special-heading-inner-border\"><\/div><\/div><\/div>\n\n<\/div><\/div><\/main><!-- close content main element --><\/div><\/div><\/div><div id='av-layout-grid-1'  class='av-layout-grid-container av-qyd8i-215867d8045805be6c843bbe85dd1e9a entry-content-wrapper main_color av-flex-cells  avia-builder-el-2  el_after_av_section  el_before_av_section  grid-row-not-first  container_wrap sidebar_right'  >\n\n<style type=\"text\/css\" data-created_by=\"avia_inline_auto\" id=\"style-css-av-qmiui-d73973fef568bde48b91653d93260c72\">\n.flex_cell.av-qmiui-d73973fef568bde48b91653d93260c72{\nvertical-align:middle;\nheight:600px;\nmin-height:600px;\nbackground-color:#ffffff;\n}\n.responsive #top #wrap_all .flex_cell.av-qmiui-d73973fef568bde48b91653d93260c72{\npadding:150px 150px 150px 150px !important;\n}\n<\/style>\n<div class='flex_cell av-qmiui-d73973fef568bde48b91653d93260c72 av-gridrow-cell av_one_half no_margin  avia-builder-el-3  el_before_av_cell_one_half  avia-builder-el-first '  ><div class='flex_cell_inner'><p>\n<style type=\"text\/css\" data-created_by=\"avia_inline_auto\" id=\"style-css-av-2lgn2-daaaec9a62cc15d823707dcd63773e12\">\n#top .av-special-heading.av-2lgn2-daaaec9a62cc15d823707dcd63773e12{\npadding-bottom:10px;\nfont-size:30px;\n}\nbody .av-special-heading.av-2lgn2-daaaec9a62cc15d823707dcd63773e12 .av-special-heading-tag .heading-char{\nfont-size:25px;\n}\n#top #wrap_all .av-special-heading.av-2lgn2-daaaec9a62cc15d823707dcd63773e12 .av-special-heading-tag{\nfont-size:30px;\n}\n.av-special-heading.av-2lgn2-daaaec9a62cc15d823707dcd63773e12 .av-subheading{\nfont-size:15px;\n}\n\n@media only screen and (min-width: 480px) and (max-width: 767px){ \n#top #wrap_all .av-special-heading.av-2lgn2-daaaec9a62cc15d823707dcd63773e12 .av-special-heading-tag{\nfont-size:0.8em;\n}\n}\n\n@media only screen and (max-width: 479px){ \n#top #wrap_all .av-special-heading.av-2lgn2-daaaec9a62cc15d823707dcd63773e12 .av-special-heading-tag{\nfont-size:0.8em;\n}\n}\n<\/style>\n<div  class='av-special-heading av-2lgn2-daaaec9a62cc15d823707dcd63773e12 av-special-heading-h3 blockquote modern-quote  avia-builder-el-4  el_before_av_hr  avia-builder-el-first  av-inherit-size'><h3 class='av-special-heading-tag '  itemprop=\"headline\"  >\u00c0 votre service depuis 25 ans<\/h3><div class=\"special-heading-border\"><div class=\"special-heading-inner-border\"><\/div><\/div><\/div><br \/>\n\n<style type=\"text\/css\" data-created_by=\"avia_inline_auto\" id=\"style-css-av-pfz4u-4c0bea7138e8414124bf131dff3cad1d\">\n#top .hr.av-pfz4u-4c0bea7138e8414124bf131dff3cad1d{\nmargin-top:30px;\nmargin-bottom:30px;\n}\n.hr.av-pfz4u-4c0bea7138e8414124bf131dff3cad1d .hr-inner{\nwidth:50px;\n}\n<\/style>\n<div  class='hr av-pfz4u-4c0bea7138e8414124bf131dff3cad1d hr-custom  avia-builder-el-5  el_after_av_heading  el_before_av_textblock  hr-left hr-icon-no'><span class='hr-inner inner-border-av-border-fat'><span class=\"hr-inner-style\"><\/span><\/span><\/div><br \/>\n<section  class='av_textblock_section av-onuk2-391d01409eca31a73dedf1d731103b97 '   itemscope=\"itemscope\" itemtype=\"https:\/\/schema.org\/CreativeWork\" ><div class='avia_textblock'  itemprop=\"text\" ><p>In 25 anni di pratica abbiamo potuto acquisire una esperienza unica.<\/p>\n<p>Nous avons s\u00e9lectionn\u00e9 une gamme de produits qui doit offrir des prestations de pointe \u00e0 nos clients. I nostri fornitori sono attenti ad offrire altissima qualit\u00e0 tecnica. Nous sommes convaincus que la r\u00e9ussite de nos clients est le seul moyen de cro\u00eetre ensemble<\/p>\n<p>Alberto, Carlo et Stefano sont \u00e0 votre service<\/p>\n<\/div><\/section><\/p>\n<\/div><\/div>\n<style type=\"text\/css\" data-created_by=\"avia_inline_auto\" id=\"style-css-av-o5596-5f36dc7dcef89dc5e0aaf5c228d15d95\">\n.flex_cell.av-o5596-5f36dc7dcef89dc5e0aaf5c228d15d95{\nvertical-align:top;\nheight:600px;\nmin-height:600px;\nbackground:url(https:\/\/almax.ch\/wp-content\/uploads\/2023\/11\/vitalii-khodzinskyi-R7GZ1MVc0II-unsplash-845x684.jpg) 50% 50% no-repeat scroll ;\n}\n.responsive #top #wrap_all .flex_cell.av-o5596-5f36dc7dcef89dc5e0aaf5c228d15d95{\npadding:50px 50px 50px 50px !important;\n}\n<\/style>\n<div class='flex_cell av-o5596-5f36dc7dcef89dc5e0aaf5c228d15d95 av-gridrow-cell av_one_half no_margin  avia-builder-el-7  el_after_av_cell_one_half  avia-builder-el-last  avia-full-stretch'  ><div class='flex_cell_inner'><\/div><\/div><\/div><div id='av_section_2'  class='avia-section av-5h77i-6264d37d2a145f0070fdc70b5ad6b698 main_color avia-section-default avia-no-border-styling  avia-builder-el-8  el_after_av_layout_row  el_before_av_section  avia-bg-style-scroll container_wrap sidebar_right'  ><div class='container av-section-cont-open' ><div class='template-page content  av-content-small alpha units'><div class='post-entry post-entry-type-page post-entry-29511'><div class='entry-content-wrapper clearfix'>\n<div  class='flex_column av-55z9u-e439972ecb98179e6c13e5713c9aa76c av_one_fourth  avia-builder-el-9  el_before_av_one_fourth  avia-builder-el-first  first flex_column_div  '     ><style type=\"text\/css\" data-created_by=\"avia_inline_auto\" id=\"style-css-av-4mn1y-93fe0a260477cae4964f793201c1a7b0\">\n.iconbox.av-4mn1y-93fe0a260477cae4964f793201c1a7b0 .iconbox_icon{\nbackground-color:#908986;\nborder:1px solid #908986;\ncolor:#ffffff;\n}\n<\/style>\n<article  class='iconbox iconbox_top av-4mn1y-93fe0a260477cae4964f793201c1a7b0  avia-builder-el-10  avia-builder-el-no-sibling  main_color'  itemscope=\"itemscope\" itemtype=\"https:\/\/schema.org\/CreativeWork\" ><div class=\"iconbox_content\"><header class=\"entry-content-header\" aria-label=\"Icon: Soutien financier\"><div class=\"iconbox_icon heading-color\" aria-hidden='true' data-av_icon='\ue8cf' data-av_iconfont='entypo-fontello'><\/div><h4 class='iconbox_content_title '  itemprop=\"headline\" >Soutien financier<\/h4><\/header><div class='iconbox_content_container '  itemprop=\"text\" ><p>Gr\u00e2ce \u00e0 notre aide au financement, nous facilitons votre d\u00e9cision d&rsquo;investissement en rendant le processus d&rsquo;achat plus ais\u00e9<\/p>\n<\/div><\/div><footer class=\"entry-footer\"><\/footer><\/article><\/div><div  class='flex_column av-3tk7u-8c8c2f838509e2342eda723a3c580ad4 av_one_fourth  avia-builder-el-11  el_after_av_one_fourth  el_before_av_one_fourth  flex_column_div  '     ><style type=\"text\/css\" data-created_by=\"avia_inline_auto\" id=\"style-css-av-3k5pq-7588ad22c64908a8d898d6cb59b7c04d\">\n.iconbox.av-3k5pq-7588ad22c64908a8d898d6cb59b7c04d .iconbox_icon{\nbackground-color:#908986;\nborder:1px solid #908986;\ncolor:#ffffff;\n}\n<\/style>\n<article  class='iconbox iconbox_top av-3k5pq-7588ad22c64908a8d898d6cb59b7c04d  avia-builder-el-12  avia-builder-el-no-sibling  main_color'  itemscope=\"itemscope\" itemtype=\"https:\/\/schema.org\/CreativeWork\" ><div class=\"iconbox_content\"><header class=\"entry-content-header\" aria-label=\"Icon: Initiatives exclusives\"><div class=\"iconbox_icon heading-color\" aria-hidden='true' data-av_icon='\ue806' data-av_iconfont='entypo-fontello'><\/div><h4 class='iconbox_content_title '  itemprop=\"headline\" >Initiatives exclusives<\/h4><\/header><div class='iconbox_content_container '  itemprop=\"text\" ><p>Participez \u00e0 nos journ\u00e9es portes ouvertes et profitez de notre large gamme de mat\u00e9riel promotionnel pour les soir\u00e9es clients, offrant une visibilit\u00e9 unique et impliquant directement vos clients<\/p>\n<\/div><\/div><footer class=\"entry-footer\"><\/footer><\/article><\/div><div  class='flex_column av-2smny-772a67cdea18910dcdaa02a93b7b962e av_one_fourth  avia-builder-el-13  el_after_av_one_fourth  el_before_av_one_fourth  flex_column_div  '     ><style type=\"text\/css\" data-created_by=\"avia_inline_auto\" id=\"style-css-av-1vflq-0c63d5dff2ffb75bce7726a8c0f43adf\">\n.iconbox.av-1vflq-0c63d5dff2ffb75bce7726a8c0f43adf .iconbox_icon{\nbackground-color:#908986;\nborder:1px solid #908986;\ncolor:#ffffff;\n}\n<\/style>\n<article  class='iconbox iconbox_top av-1vflq-0c63d5dff2ffb75bce7726a8c0f43adf  avia-builder-el-14  avia-builder-el-no-sibling  main_color'  itemscope=\"itemscope\" itemtype=\"https:\/\/schema.org\/CreativeWork\" ><div class=\"iconbox_content\"><header class=\"entry-content-header\" aria-label=\"Icon: Formation approfondie\"><div class=\"iconbox_icon heading-color\" aria-hidden='true' data-av_icon='\ue8c9' data-av_iconfont='entypo-fontello'><\/div><h4 class='iconbox_content_title '  itemprop=\"headline\" >Formation approfondie<\/h4><\/header><div class='iconbox_content_container '  itemprop=\"text\" ><p>B\u00e9n\u00e9ficiez de nos formations sp\u00e9cialis\u00e9es pour maximiser l&rsquo;efficacit\u00e9 de votre utilisation des produits Almax et offrir des services de qualit\u00e9 sup\u00e9rieure \u00e0 vos clients<\/p>\n<\/div><\/div><footer class=\"entry-footer\"><\/footer><\/article><\/div><div  class='flex_column av-5wei-7a6cbad262fb6d14662fbff769da7e1f av_one_fourth  avia-builder-el-15  el_after_av_one_fourth  avia-builder-el-last  flex_column_div  '     ><style type=\"text\/css\" data-created_by=\"avia_inline_auto\" id=\"style-css-av-qope-5222fa14262ff2d8b3e190b9aeb1b075\">\n.iconbox.av-qope-5222fa14262ff2d8b3e190b9aeb1b075 .iconbox_icon{\nbackground-color:#908986;\nborder:1px solid #908986;\ncolor:#ffffff;\n}\n<\/style>\n<article  class='iconbox iconbox_top av-qope-5222fa14262ff2d8b3e190b9aeb1b075  avia-builder-el-16  avia-builder-el-no-sibling  main_color'  itemscope=\"itemscope\" itemtype=\"https:\/\/schema.org\/CreativeWork\" ><div class=\"iconbox_content\"><header class=\"entry-content-header\" aria-label=\"Icon: Outils modernes d\u2019engagement\"><div class=\"iconbox_icon heading-color\" aria-hidden='true' data-av_icon='\ue80b' data-av_iconfont='entypo-fontello'><\/div><h4 class='iconbox_content_title '  itemprop=\"headline\" >Outils modernes d\u2019engagement<\/h4><\/header><div class='iconbox_content_container '  itemprop=\"text\" ><p>Profitez des modules avanc\u00e9s pour am\u00e9liorer la communication avec les clients, les ventes et la pr\u00e9sence en ligne, afin de garantir une relation durable et satisfaisante avec vos clients<\/p>\n<\/div><\/div><footer class=\"entry-footer\"><\/footer><\/article><\/div>\n<\/p>\n<\/div><\/div><\/div><!-- close content main div --><\/div><\/div>\n<style type=\"text\/css\" data-created_by=\"avia_inline_auto\" id=\"style-css-av-4u46u-cfc268895d50decc4b71e4ff39399695\">\n.avia-section.av-4u46u-cfc268895d50decc4b71e4ff39399695 .av-parallax .av-parallax-inner{\nbackground-color:#ddd6d3;\nbackground-image:url(https:\/\/almax.ch\/wp-content\/uploads\/2015\/03\/hipster-girls-working.jpg);\nbackground-repeat:no-repeat;\nbackground-position:50% 0%;\nbackground-attachment:scroll;\n}\n.avia-section.av-4u46u-cfc268895d50decc4b71e4ff39399695 .av-section-color-overlay{\nopacity:0.7;\nbackground-color:#ddd6d3;\n}\n<\/style>\n<div id='sign-up'  class='avia-section av-4u46u-cfc268895d50decc4b71e4ff39399695 main_color avia-section-default avia-no-shadow  avia-builder-el-17  el_after_av_section  avia-builder-el-last  avia-full-stretch av-parallax-section avia-bg-style-parallax av-section-color-overlay-active container_wrap sidebar_right'  data-section-bg-repeat='stretch'><div class='av-parallax' data-avia-parallax-ratio='0.3' ><div class='av-parallax-inner main_color avia-full-stretch'><\/div><\/div><div class=\"av-section-color-overlay-wrap\"><div class=\"av-section-color-overlay\"><\/div><div class='container av-section-cont-open' ><div class='template-page content  av-content-small alpha units'><div class='post-entry post-entry-type-page post-entry-29511'><div class='entry-content-wrapper clearfix'>\n\n<style type=\"text\/css\" data-created_by=\"avia_inline_auto\" id=\"style-css-av-ffm2-dec6f20f1ff96007a8a07cd8b0c47211\">\n#top .av-special-heading.av-ffm2-dec6f20f1ff96007a8a07cd8b0c47211{\npadding-bottom:10px;\ncolor:#ffffff;\nfont-size:30px;\n}\nbody .av-special-heading.av-ffm2-dec6f20f1ff96007a8a07cd8b0c47211 .av-special-heading-tag .heading-char{\nfont-size:25px;\n}\n#top #wrap_all .av-special-heading.av-ffm2-dec6f20f1ff96007a8a07cd8b0c47211 .av-special-heading-tag{\nfont-size:30px;\n}\n.av-special-heading.av-ffm2-dec6f20f1ff96007a8a07cd8b0c47211 .special-heading-inner-border{\nborder-color:#ffffff;\n}\n.av-special-heading.av-ffm2-dec6f20f1ff96007a8a07cd8b0c47211 .av-subheading{\nfont-size:15px;\n}\n\n@media only screen and (min-width: 480px) and (max-width: 767px){ \n#top #wrap_all .av-special-heading.av-ffm2-dec6f20f1ff96007a8a07cd8b0c47211 .av-special-heading-tag{\nfont-size:0.8em;\n}\n}\n\n@media only screen and (max-width: 479px){ \n#top #wrap_all .av-special-heading.av-ffm2-dec6f20f1ff96007a8a07cd8b0c47211 .av-special-heading-tag{\nfont-size:0.8em;\n}\n}\n<\/style>\n<div  class='av-special-heading av-ffm2-dec6f20f1ff96007a8a07cd8b0c47211 av-special-heading-h3 custom-color-heading blockquote modern-quote modern-centered  avia-builder-el-18  el_before_av_one_fifth  avia-builder-el-first  av-inherit-size'><h3 class='av-special-heading-tag '  itemprop=\"headline\"  >Restez au courant de nos derni\u00e8res offres gr\u00e2ce \u00e0 notre lettre d\u2019information !<\/h3><div class=\"special-heading-border\"><div class=\"special-heading-inner-border\"><\/div><\/div><\/div>\n<div  class='flex_column av-3n5w6-7ad0a77f5604d06b3270bbe0841d2aef av_one_fifth  avia-builder-el-19  el_after_av_heading  el_before_av_three_fifth  first flex_column_div  '     ><\/div><div  class='flex_column av-356im-de5e2f6c18eb830215ab9202a30dbf4e av_three_fifth  avia-builder-el-20  el_after_av_one_fifth  el_before_av_one_fifth  flex_column_div  '     ><form action=\"https:\/\/almax.ch\/fr\/qui-nous-sommes\/\" method=\"post\"  data-av-custom-send='mailchimp_send'data-fields-with-error=\"Erreurs trouv\u00e9es dans les champs suivants :\" class=\"avia_ajax_form av-form-labels-visible   avia-builder-el-21  avia-builder-el-no-sibling   avia-mailchimp-form \" data-avia-form-id=\"1\" data-avia-redirect='' ><fieldset><p class='  first_form  form_element form_fullwidth' id='element_avia_0_1'><label for=\"avia_0_1\">E-Mail: <abbr class=\"required\" title=\"requis(e)\">*<\/abbr><\/label> <input name=\"avia_0_1\" class=\"text_input is_email\" type=\"text\" id=\"avia_0_1\" value=\"\" \/><\/p><p class='  first_form  form_element form_fullwidth' id='element_avia_1_1'><label for=\"avia_1_1\">Nom ;<\/label> <input name=\"avia_1_1\" class=\"text_input \" type=\"text\" id=\"avia_1_1\" value=\"\" \/><\/p><p class='  first_form  form_element form_fullwidth' id='element_avia_2_1'><label for=\"avia_2_1\">Nom de famille ;<\/label> <input name=\"avia_2_1\" class=\"text_input \" type=\"text\" id=\"avia_2_1\" value=\"\" \/><\/p><p class='  first_form  form_element form_fullwidth' id='element_avia_5_1'><label for=\"avia_5_1\">Entreprise ;<\/label> <input name=\"avia_5_1\" class=\"text_input \" type=\"text\" id=\"avia_5_1\" value=\"\" \/><\/p><p class=\"form_element  first_form  form_element form_fullwidth av-last-visible-form-element modified_width\"><input type=\"hidden\" value=\"1\" name=\"avia_generated_form1\" \/><input type=\"submit\" value=\"S&#039;abonner ;\" class=\"button\"  data-sending-label=\"Envoi\"\/><\/p><p class=\"hidden\"><input type=\"text\" name=\"avia_avia_username_1\" class=\"hidden \" id=\"avia_avia_username_1\" value=\"\" \/><\/p><\/fieldset><\/form><div id=\"ajaxresponse_1\" class=\"ajaxresponse ajaxresponse_1 hidden\"><\/div><\/div><div  class='flex_column av-quye-47bfa488c01cfe9596238d3672e6c7cd av_one_fifth  avia-builder-el-22  el_after_av_three_fifth  avia-builder-el-last  flex_column_div  '     ><\/div>\n<\/div><\/div><\/div><!-- close content main div --><\/div><\/div><\/div><div id='after_section_3'  class='main_color av_default_container_wrap container_wrap sidebar_right'  ><div class='container av-section-cont-open' ><div class='template-page content  av-content-small alpha units'><div class='post-entry post-entry-type-page post-entry-29511'><div class='entry-content-wrapper clearfix'>\n","protected":false},"excerpt":{"rendered":"","protected":false},"author":1,"featured_media":0,"parent":0,"menu_order":0,"comment_status":"open","ping_status":"open","template":"","meta":{"content-type":"","footnotes":""},"class_list":["post-29511","page","type-page","status-publish","hentry"],"_links":{"self":[{"href":"https:\/\/almax.ch\/fr\/wp-json\/wp\/v2\/pages\/29511","targetHints":{"allow":["GET"]}}],"collection":[{"href":"https:\/\/almax.ch\/fr\/wp-json\/wp\/v2\/pages"}],"about":[{"href":"https:\/\/almax.ch\/fr\/wp-json\/wp\/v2\/types\/page"}],"author":[{"embeddable":true,"href":"https:\/\/almax.ch\/fr\/wp-json\/wp\/v2\/users\/1"}],"replies":[{"embeddable":true,"href":"https:\/\/almax.ch\/fr\/wp-json\/wp\/v2\/comments?post=29511"}],"version-history":[{"count":6,"href":"https:\/\/almax.ch\/fr\/wp-json\/wp\/v2\/pages\/29511\/revisions"}],"predecessor-version":[{"id":29702,"href":"https:\/\/almax.ch\/fr\/wp-json\/wp\/v2\/pages\/29511\/revisions\/29702"}],"wp:attachment":[{"href":"https:\/\/almax.ch\/fr\/wp-json\/wp\/v2\/media?parent=29511"}],"curies":[{"name":"wp","href":"https:\/\/api.w.org\/{rel}","templated":true}]}}