{"id":29484,"date":"2023-10-28T15:31:16","date_gmt":"2023-10-28T13:31:16","guid":{"rendered":"https:\/\/almax.ch\/inscription\/"},"modified":"2024-01-24T10:22:17","modified_gmt":"2024-01-24T09:22:17","slug":"inscription","status":"publish","type":"page","link":"https:\/\/almax.ch\/fr\/inscription\/","title":{"rendered":"Inscription ;"},"content":{"rendered":"<div  class='flex_column av-av_one_fifth-048119fdb636ea3d70edc0b975509c6c av_one_fifth  avia-builder-el-0  el_before_av_three_fifth  avia-builder-el-first  first flex_column_div  '     ><\/div>\n<div  class='flex_column av-av_three_fifth-feecfcc73494c68bb0d1632d1d5c38ae av_three_fifth  avia-builder-el-1  el_after_av_one_fifth  el_before_av_one_fifth  flex_column_div  '     ><p>\n<style type=\"text\/css\" data-created_by=\"avia_inline_auto\" id=\"style-css-av-loa3l8qv-4a2ca6059d5a20f528710d8ea39ac5ec\">\n#top .av-special-heading.av-loa3l8qv-4a2ca6059d5a20f528710d8ea39ac5ec{\npadding-bottom:10px;\n}\nbody .av-special-heading.av-loa3l8qv-4a2ca6059d5a20f528710d8ea39ac5ec .av-special-heading-tag .heading-char{\nfont-size:25px;\n}\n.av-special-heading.av-loa3l8qv-4a2ca6059d5a20f528710d8ea39ac5ec .av-subheading{\nfont-size:15px;\n}\n<\/style>\n<div  class='av-special-heading av-loa3l8qv-4a2ca6059d5a20f528710d8ea39ac5ec av-special-heading-h1 blockquote modern-quote modern-centered  avia-builder-el-2  el_before_av_textblock  avia-builder-el-first '><h1 class='av-special-heading-tag '  itemprop=\"headline\"  >Inscription ;<\/h1><div class=\"special-heading-border\"><div class=\"special-heading-inner-border\"><\/div><\/div><\/div><br \/>\n<section  class='av_textblock_section av-loa3oo63-fb91a8ae495eec26a035f8b91a26d183 '   itemscope=\"itemscope\" itemtype=\"https:\/\/schema.org\/CreativeWork\" ><div class='avia_textblock'  itemprop=\"text\" ><p>La zone \u00e0 acc\u00e8s restreint est exclusivement r\u00e9serv\u00e9e aux utilisateurs enregistr\u00e9s et offre des contenus et des ressources sur nos produits &#8211; tels que des manuels ou des protocoles &#8211; qui ne sont pas accessibles au grand public ; Si vous souhaitez vous connecter, veuillez compl\u00e9ter la proc\u00e9dure d&rsquo;enregistrement ; Une fois votre demande approuv\u00e9e par notre \u00e9quipe, vous recevrez vos identifiants d&rsquo;acc\u00e8s par courrier \u00e9lectronique ;<\/p>\n<p>Nous vous remercions de votre int\u00e9r\u00eat et de votre patience et nous traiterons chaque demande aussi rapidement que possible ;<\/p>\n<p>Vous avez d\u00e9j\u00e0 un identifiant ? Connectez-vous ici ;<\/p>\n<\/div><\/section><br \/>\n<section  class='av_textblock_section av-av_textblock-b1dfba9bd0fa17a76984708495577984 '   itemscope=\"itemscope\" itemtype=\"https:\/\/schema.org\/CreativeWork\" ><div class='avia_textblock'  itemprop=\"text\" >\t<div class='user-registration ur-frontend-form   ' id='user-registration-form-28974'>\n\t\t\t\t\t\t\t\t<form method='post' class='register' data-form-id=\"28974\"\n\t\t\t\tdata-enable-strength-password=\"1\" data-minimum-password-strength=\"1\"\n\t\t\t\t\t\t\t\t\t\t\t\t\t\t\t data-captcha-enabled=\"\">\n\n\t\t\t\t<div class=\"ur-form-row\" data-row-id=\"2\">\t\t\t\t\t\t\t<div class=\"ur-form-grid ur-grid-1\"\n\t\t\t\t\t\t\t\tstyle=\"width:48%\">\n\t\t\t\t\t\t\t\t\t\t\t\t\t\t\t\t<div  data-field-id=\"first_name\" class=\"ur-field-item field-first_name \" data-ref-id=\"first_name\" data-field-pattern-enabled=\"0\" data-field-pattern-value=\" \" data-field-pattern-message=\" \">\n\t\t\t\t\t\t\t\t\t\t<div class=\"form-row validate-required\" id=\"first_name_field\" data-priority=\"\" ><label for=\"first_name\" class=\"ur-label\">Nome <abbr class=\"required\" title=\"required\">*<\/abbr><\/label> <span class=\"input-wrapper\"> <input  data-rules=\"\" data-id=\"first_name\" type=\"text\" class=\"input-text   input-text ur-frontend-field  \" name=\"first_name\" id=\"first_name\" placeholder=\"\"  value=\"\" required=\"required\" data-label=\"Nome\" \/> <\/span> <\/div>\t\t\t\t\t\t\t\t\t<\/div>\n\t\t\t\t\t\t\t\t\t\t\t\t\t\t\t\t\t\t<div  data-field-id=\"input_box_1680575642\" class=\"ur-field-item field-text \" data-ref-id=\"input_box_1680575642\" data-field-pattern-enabled=\"0\" data-field-pattern-value=\" \" data-field-pattern-message=\" \">\n\t\t\t\t\t\t\t\t\t\t<div class=\"form-row \" id=\"input_box_1680575642_field\" data-priority=\"\" ><label for=\"input_box_1680575642\" class=\"ur-label\">Nome dell'attivit\u00e0<\/label> <span class=\"input-wrapper\"> <input  data-rules=\"\" data-id=\"input_box_1680575642\" type=\"text\" class=\"input-text   input-text ur-frontend-field  \" name=\"input_box_1680575642\" id=\"input_box_1680575642\" placeholder=\"\"  value=\"\" data-label=\"Nome dell&#039;attivit\u00e0\" maxlength=\"50\" \/> <\/span> <\/div>\t\t\t\t\t\t\t\t\t<\/div>\n\t\t\t\t\t\t\t\t\t\t\t\t\t\t\t\t\t\t<div  data-field-id=\"user_pass\" class=\"ur-field-item field-user_pass \" data-ref-id=\"user_pass\" data-field-pattern-enabled=\"0\" data-field-pattern-value=\" \" data-field-pattern-message=\" \">\n\t\t\t\t\t\t\t\t\t\t<div class=\"form-row validate-required hide_show_password\" id=\"user_pass_field\" data-priority=\"\"><label for=\"user_pass\" class=\"ur-label\">Password <abbr class=\"required\" title=\"required\">*<\/abbr><\/label> <span class=\"input-wrapper\"> <span class=\"password-input-group input-form-field-icons\"><input data-rules=\"\" data-id=\"user_pass\" type=\"password\" class=\"input-text  input-password ur-frontend-field  \" name=\"user_pass\" id=\"user_pass\" placeholder=\"\"  value=\"\" required=\"required\" data-label=\"Password\" \/><\/span> <\/span> <\/div>\t\t\t\t\t\t\t\t\t<\/div>\n\t\t\t\t\t\t\t\t\t\t\t\t\t\t\t\t<\/div>\n\t\t\t\t\t\t\t\t\t\t\t\t\t\t<div class=\"ur-form-grid ur-grid-2\"\n\t\t\t\t\t\t\t\tstyle=\"width:48%\">\n\t\t\t\t\t\t\t\t\t\t\t\t\t\t\t\t<div  data-field-id=\"last_name\" class=\"ur-field-item field-last_name \" data-ref-id=\"last_name\" data-field-pattern-enabled=\"0\" data-field-pattern-value=\" \" data-field-pattern-message=\" \">\n\t\t\t\t\t\t\t\t\t\t<div class=\"form-row validate-required\" id=\"last_name_field\" data-priority=\"\" ><label for=\"last_name\" class=\"ur-label\">Cognome <abbr class=\"required\" title=\"required\">*<\/abbr><\/label> <span class=\"input-wrapper\"> <input  data-rules=\"\" data-id=\"last_name\" type=\"text\" class=\"input-text   input-text ur-frontend-field  \" name=\"last_name\" id=\"last_name\" placeholder=\"\"  value=\"\" required=\"required\" data-label=\"Cognome\" \/> <\/span> <\/div>\t\t\t\t\t\t\t\t\t<\/div>\n\t\t\t\t\t\t\t\t\t\t\t\t\t\t\t\t\t\t<div  data-field-id=\"user_email\" class=\"ur-field-item field-user_email \" data-ref-id=\"user_email\" data-field-pattern-enabled=\"0\" data-field-pattern-value=\" \" data-field-pattern-message=\" \">\n\t\t\t\t\t\t\t\t\t\t<div class=\"form-row validate-required\" id=\"user_email_field\" data-priority=\"\" ><label for=\"user_email\" class=\"ur-label\">E-Mail <abbr class=\"required\" title=\"required\">*<\/abbr><\/label> <span class=\"input-wrapper\"> <input  data-rules=\"\" data-id=\"user_email\" type=\"email\" class=\"input-text   input-email ur-frontend-field  \" name=\"user_email\" id=\"user_email\" placeholder=\"\"  value=\"\" required=\"required\" data-label=\"E-Mail\" \/> <\/span> <\/div>\t\t\t\t\t\t\t\t\t<\/div>\n\t\t\t\t\t\t\t\t\t\t\t\t\t\t\t\t\t\t<div  data-field-id=\"user_confirm_password\" class=\"ur-field-item field-user_confirm_password \" data-ref-id=\"user_confirm_password\" data-field-pattern-enabled=\"0\" data-field-pattern-value=\" \" data-field-pattern-message=\" \">\n\t\t\t\t\t\t\t\t\t\t<div class=\"form-row validate-required hide_show_password\" id=\"user_confirm_password_field\" data-priority=\"\"><label for=\"user_confirm_password\" class=\"ur-label\">Conferma Password <abbr class=\"required\" title=\"required\">*<\/abbr><\/label> <span class=\"input-wrapper\"> <span class=\"password-input-group input-form-field-icons\"><input data-rules=\"\" data-id=\"user_confirm_password\" type=\"password\" class=\"input-text  input-password ur-frontend-field  \" name=\"user_confirm_password\" id=\"user_confirm_password\" placeholder=\"\"  value=\"\" required=\"required\" data-label=\"Conferma Password\" \/><\/span> <\/span> <\/div>\t\t\t\t\t\t\t\t\t<\/div>\n\t\t\t\t\t\t\t\t\t\t\t\t\t\t\t\t<\/div>\n\t\t\t\t\t\t\t\t\t\t\t\t\t<\/div>\n\t\t\t\t\t\t<div class=\"ur-form-row\" data-row-id=\"1\">\t\t\t\t\t\t\t<div class=\"ur-form-grid ur-grid-1\"\n\t\t\t\t\t\t\t\tstyle=\"width:99%\">\n\t\t\t\t\t\t\t\t\t\t\t\t\t\t\t\t<div  data-field-id=\"input_box_1680575886\" class=\"ur-field-item field-text \" data-ref-id=\"input_box_1680575886\" data-field-pattern-enabled=\"0\" data-field-pattern-value=\" \" data-field-pattern-message=\" \">\n\t\t\t\t\t\t\t\t\t\t<div class=\"form-row \" id=\"input_box_1680575886_field\" data-priority=\"\" ><label for=\"input_box_1680575886\" class=\"ur-label\">Indirizzo dell'attivit\u00e0<\/label> <span class=\"input-wrapper\"> <input  data-rules=\"\" data-id=\"input_box_1680575886\" type=\"text\" class=\"input-text   input-text ur-frontend-field  \" name=\"input_box_1680575886\" id=\"input_box_1680575886\" placeholder=\"\"  value=\"\" data-label=\"Indirizzo dell&#039;attivit\u00e0\" maxlength=\"50\" \/> <\/span> <\/div>\t\t\t\t\t\t\t\t\t<\/div>\n\t\t\t\t\t\t\t\t\t\t\t\t\t\t\t\t\t\t<div  data-field-id=\"textarea_1680576128\" class=\"ur-field-item field-textarea \" data-ref-id=\"textarea_1680576128\" data-field-pattern-enabled=\"0\" data-field-pattern-value=\" \" data-field-pattern-message=\" \">\n\t\t\t\t\t\t\t\t\t\t<div class=\"form-row \" id=\"textarea_1680576128_field\" data-priority=\"\" ><label for=\"textarea_1680576128\" class=\"ur-label\">Breve descrizione dell'attivit\u00e0:<\/label><textarea style=\"margin-bottom:0px;\" data-rules=\"\" data-id=\"textarea_1680576128\" name=\"textarea_1680576128\" class=\"input-text ur-frontend-field  \" id=\"textarea_1680576128\" placeholder=\"\"  rows=\"2\" cols=\"5\"data-label=\"Breve descrizione dell&#039;attivit\u00e0:\"><\/textarea><div style=\"text-align: right; font-size:14px; color:#737373; margin-top:0px;\"> <div class=\"ur-input-count\" data-count-type=\"characters\" style=\"display: inline-block; margin-right: 1px;\">0<\/div>&nbsp;<div style=\"display: inline-block;\"> characters<\/div><\/div><\/div>\t\t\t\t\t\t\t\t\t<\/div>\n\t\t\t\t\t\t\t\t\t\t\t\t\t\t\t\t\t\t<div  data-field-id=\"select_1698500587\" class=\"ur-field-item field-select \" data-ref-id=\"select_1698500587\" data-field-pattern-enabled=\"0\" data-field-pattern-value=\" \" data-field-pattern-message=\" \">\n\t\t\t\t\t\t\t\t\t\t<div class=\"form-row \" id=\"select_1698500587_field\" data-priority=\"\" ><label for=\"select_1698500587\" class=\"ur-label\">Come avete scoperto Almax?<\/label><select data-rules=\"\" data-id=\"select_1698500587\" name=\"select_1698500587\" id=\"select_1698500587\" class=\"ur-field-address-country select ur-frontend-field  \" data-label=\"Come avete scoperto Almax?\" data-allow_clear=\"true\" data-placeholder=\"\" data-state-enabled=\"\">\n\t\t\t\t\t<option value=\"Ricerca su motore di ricerca (es. Google)\" >Ricerca su motore di ricerca (es. Google)<\/option><option value=\"Social media\" >Social media<\/option><option value=\"Pubblicit\u00e0 online\" >Pubblicit\u00e0 online<\/option><option value=\"Consiglio di un collega o amico\/a\" >Consiglio di un collega o amico\/a<\/option><option value=\"Partecipazione a fiere o eventi del settore\" >Partecipazione a fiere o eventi del settore<\/option><option value=\"Newsletter o email marketing\" >Newsletter o email marketing<\/option><option value=\"Direttamente dal produttore o distributore\" >Direttamente dal produttore o distributore<\/option><option value=\"Altro\" >Altro<\/option>\n\t\t\t\t\t<\/select><\/div>\t\t\t\t\t\t\t\t\t<\/div>\n\t\t\t\t\t\t\t\t\t\t\t\t\t\t\t\t\t\t<div  data-field-id=\"privacy_policy_1698500731\" class=\"ur-field-item field-privacy_policy \" data-ref-id=\"privacy_policy_1698500731\" data-field-pattern-enabled=\"0\" data-field-pattern-value=\" \" data-field-pattern-message=\" \">\n\t\t\t\t\t\t\t\t\t\t<div class=\"form-row validate-required\" id=\"privacy_policy_1698500731_field\" data-priority=\"\" ><label class=\"ur-label checkbox\" required=\"required\" data-label=\"Accetto di ricevere comunicazioni, aggiornamenti e promozioni relative ai prodotti e servizi via email.\">\n\t\t\t\t\t\t\t<input data-rules=\"\" data-id=\"privacy_policy_1698500731\" required=\"required\" data-label=\"Accetto di ricevere comunicazioni, aggiornamenti e promozioni relative ai prodotti e servizi via email.\" data-value=\"\" type=\"checkbox\" class=\"input-checkbox ur-frontend-field \" name=\"privacy_policy_1698500731\" id=\"privacy_policy_1698500731\" value=\"1\"  \/> Accetto di ricevere comunicazioni, aggiornamenti e promozioni relative ai prodotti e servizi via email. <abbr class=\"required\" title=\"required\">*<\/abbr><\/label><\/div>\t\t\t\t\t\t\t\t\t<\/div>\n\t\t\t\t\t\t\t\t\t\t\t\t\t\t\t\t\t\t<div  data-field-id=\"privacy_policy_1680576204\" class=\"ur-field-item field-privacy_policy \" data-ref-id=\"privacy_policy_1680576204\" data-field-pattern-enabled=\"0\" data-field-pattern-value=\" \" data-field-pattern-message=\" \">\n\t\t\t\t\t\t\t\t\t\t<div class=\"form-row validate-required\" id=\"privacy_policy_1680576204_field\" data-priority=\"\" ><label class=\"ur-label checkbox\" required=\"required\" data-label=\"Ho letto e accetto i Termini e Condizioni del sito.\">\n\t\t\t\t\t\t\t<input data-rules=\"\" data-id=\"privacy_policy_1680576204\" required=\"required\" data-label=\"Ho letto e accetto i Termini e Condizioni del sito.\" data-value=\"\" type=\"checkbox\" class=\"input-checkbox ur-frontend-field \" name=\"privacy_policy_1680576204\" id=\"privacy_policy_1680576204\" value=\"1\"  \/> Ho letto e accetto i Termini e Condizioni del sito. <abbr class=\"required\" title=\"required\">*<\/abbr><\/label><span class=\"description\"><a href='https:\/\/almax.ch\/privacy-policy\/' target='_blank'>Termini e Condizioni<\/a><\/span><\/div>\t\t\t\t\t\t\t\t\t<\/div>\n\t\t\t\t\t\t\t\t\t\t\t\t\t\t\t\t\t\t<div  data-field-id=\"privacy_policy_1698500749780\" class=\"ur-field-item field-privacy_policy \" data-ref-id=\"privacy_policy_1698500749780\" data-field-pattern-enabled=\"0\" data-field-pattern-value=\" \" data-field-pattern-message=\" \">\n\t\t\t\t\t\t\t\t\t\t<div class=\"form-row validate-required\" id=\"privacy_policy_1698500749780_field\" data-priority=\"\" ><label class=\"ur-label checkbox\" required=\"required\" data-label=\"Ho letto e compreso la Politica sulla Privacy e acconsento al trattamento dei miei dati personali come descritto.\">\n\t\t\t\t\t\t\t<input data-rules=\"\" data-id=\"privacy_policy_1698500749780\" required=\"required\" data-label=\"Ho letto e compreso la Politica sulla Privacy e acconsento al trattamento dei miei dati personali come descritto.\" data-value=\"\" type=\"checkbox\" class=\"input-checkbox ur-frontend-field \" name=\"privacy_policy_1698500749780\" id=\"privacy_policy_1698500749780\" value=\"1\"  \/> Ho letto e compreso la Politica sulla Privacy e acconsento al trattamento dei miei dati personali come descritto. <abbr class=\"required\" title=\"required\">*<\/abbr><\/label><\/div>\t\t\t\t\t\t\t\t\t<\/div>\n\t\t\t\t\t\t\t\t\t\t\t\t\t\t\t\t<\/div>\n\t\t\t\t\t\t\t\t\t\t\t\t\t<\/div>\n\t\t\t\t\t\t\t\t\t\t\t\t\t\t\t\t\t\t<div class=\"ur-button-container \" >\n\t\t\t\t\t\t\t\t\t\t\t\t\t\t<button type=\"submit\" class=\"btn button ur-submit-button \"  conditional_rules=\"&quot;&quot;\">\n\t\t\t\t\t\t\t\t<span><\/span>\n\t\t\t\t\t\t\t\tSubmit\t\t\t\t\t\t\t<\/button>\n\t\t\t\t\t\t\t\t\t\t\t\t\t\t\t\t\t\t\t\t<\/div>\n\t\t\t\t\t\t\n\t\t\t\t<div style=\"clear:both\"><\/div>\n\t\t\t\t\t\t\t\t<input type=\"hidden\" name=\"ur-registration-language\" value=\"fr\"\/>\n\t\t\t\t<input type=\"hidden\" name=\"ur-user-form-id\" value=\"28974\"\/>\n\t\t\t\t<input type=\"hidden\" name=\"ur-redirect-url\" value=\"\"\/>\n\t\t\t\t<input type=\"hidden\" id=\"ur_frontend_form_nonce\" name=\"ur_frontend_form_nonce\" value=\"1201a40c69\" \/>\n\t\t\t\t\n\t\t\t<\/form>\n\t\t\t\n\t\t<div style=\"clear:both\"><\/div>\n\t<\/div>\n\n\n<\/div><\/section><\/p><\/div><div  class='flex_column av-av_one_fifth-feecfcc73494c68bb0d1632d1d5c38ae av_one_fifth  avia-builder-el-5  el_after_av_three_fifth  avia-builder-el-last  flex_column_div  '     ><\/div><\/p>\n","protected":false},"excerpt":{"rendered":"","protected":false},"author":1,"featured_media":0,"parent":0,"menu_order":0,"comment_status":"closed","ping_status":"closed","template":"","meta":{"content-type":"","footnotes":""},"class_list":["post-29484","page","type-page","status-publish","hentry"],"_links":{"self":[{"href":"https:\/\/almax.ch\/fr\/wp-json\/wp\/v2\/pages\/29484","targetHints":{"allow":["GET"]}}],"collection":[{"href":"https:\/\/almax.ch\/fr\/wp-json\/wp\/v2\/pages"}],"about":[{"href":"https:\/\/almax.ch\/fr\/wp-json\/wp\/v2\/types\/page"}],"author":[{"embeddable":true,"href":"https:\/\/almax.ch\/fr\/wp-json\/wp\/v2\/users\/1"}],"replies":[{"embeddable":true,"href":"https:\/\/almax.ch\/fr\/wp-json\/wp\/v2\/comments?post=29484"}],"version-history":[{"count":1,"href":"https:\/\/almax.ch\/fr\/wp-json\/wp\/v2\/pages\/29484\/revisions"}],"predecessor-version":[{"id":29485,"href":"https:\/\/almax.ch\/fr\/wp-json\/wp\/v2\/pages\/29484\/revisions\/29485"}],"wp:attachment":[{"href":"https:\/\/almax.ch\/fr\/wp-json\/wp\/v2\/media?parent=29484"}],"curies":[{"name":"wp","href":"https:\/\/api.w.org\/{rel}","templated":true}]}}